{"id":25,"date":"2026-01-30T14:40:10","date_gmt":"2026-01-30T14:40:10","guid":{"rendered":"http:\/\/melicon.local\/?page_id=25"},"modified":"2026-05-06T10:15:40","modified_gmt":"2026-05-06T10:15:40","slug":"qualitat","status":"publish","type":"page","link":"https:\/\/www.melicon.de\/?page_id=25","title":{"rendered":"Qualit\u00e4t"},"content":{"rendered":"\n<div class=\"wp-block-cover alignfull has-parallax\"><span aria-hidden=\"true\" class=\"wp-block-cover__background has-contrast-background-color has-background-dim\"><\/span><div role=\"img\" class=\"wp-block-cover__image-background wp-image-63 has-parallax\" style=\"background-position:50% 50%;background-image:url(http:\/\/melicon.local\/wp-content\/uploads\/2026\/01\/banner-3-1024x576.jpg)\"><\/div><div class=\"wp-block-cover__inner-container has-global-padding is-layout-constrained wp-block-cover-is-layout-constrained\">\n<h1 class=\"wp-block-heading has-text-align-center\"><strong>St\u00e4ndig verbessertes Qualit\u00e4tsmanagement<\/strong><\/h1>\n<\/div><\/div>\n\n\n\n<div class=\"wp-block-cover alignfull is-light\"><span aria-hidden=\"true\" class=\"wp-block-cover__background has-accent-2-background-color has-background-dim-100 has-background-dim\"><\/span><div class=\"wp-block-cover__inner-container has-global-padding is-layout-constrained wp-block-cover-is-layout-constrained\">\n<h2 class=\"wp-block-heading\"><strong>Qualit\u00e4tssicherung<\/strong><\/h2>\n\n\n\n<p>Schon seit unserer Gr\u00fcndung sind wir darauf bedacht, nur Produkte von herausragender Qualit\u00e4t zu liefern.&nbsp;<\/p>\n\n\n\n<p>Diese Qualit\u00e4t wird st\u00e4ndig im t\u00e4glichen Einsatz unter Beweis gestellt und von Kunden in allen Produktgruppen gefordert und geliefert.<\/p>\n\n\n\n<p>Um diese Qualit\u00e4t st\u00e4ndig zu verbessern, haben wir uns dazu entschieden, ein Qualit\u00e4tsmanagement-System nach DIN EN ISO 9001 einzuf\u00fchren.<\/p>\n\n\n\n<p>Durch dieses System wird sichergestellt, dass die Qualit\u00e4t aller Produkte unseren Qualit\u00e4tsanforderungen entspricht. Zus\u00e4tzlich sind wir als Schwei\u00dfbetrieb nach DIN EN ISO 3834-3 zertifiziert.<\/p>\n<\/div><\/div>\n","protected":false},"excerpt":{"rendered":"","protected":false},"author":1,"featured_media":0,"parent":0,"menu_order":0,"comment_status":"closed","ping_status":"closed","template":"page-no-title","meta":{"footnotes":""},"_links":{"self":[{"href":"https:\/\/www.melicon.de\/index.php?rest_route=\/wp\/v2\/pages\/25"}],"collection":[{"href":"https:\/\/www.melicon.de\/index.php?rest_route=\/wp\/v2\/pages"}],"about":[{"href":"https:\/\/www.melicon.de\/index.php?rest_route=\/wp\/v2\/types\/page"}],"author":[{"embeddable":true,"href":"https:\/\/www.melicon.de\/index.php?rest_route=\/wp\/v2\/users\/1"}],"replies":[{"embeddable":true,"href":"https:\/\/www.melicon.de\/index.php?rest_route=%2Fwp%2Fv2%2Fcomments&post=25"}],"version-history":[{"count":1,"href":"https:\/\/www.melicon.de\/index.php?rest_route=\/wp\/v2\/pages\/25\/revisions"}],"predecessor-version":[{"id":235,"href":"https:\/\/www.melicon.de\/index.php?rest_route=\/wp\/v2\/pages\/25\/revisions\/235"}],"wp:attachment":[{"href":"https:\/\/www.melicon.de\/index.php?rest_route=%2Fwp%2Fv2%2Fmedia&parent=25"}],"curies":[{"name":"wp","href":"https:\/\/api.w.org\/{rel}","templated":true}]}}