{"id":22,"date":"2026-01-30T14:39:25","date_gmt":"2026-01-30T14:39:25","guid":{"rendered":"http:\/\/melicon.local\/?page_id=22"},"modified":"2026-05-06T10:15:40","modified_gmt":"2026-05-06T10:15:40","slug":"uber-uns","status":"publish","type":"page","link":"https:\/\/www.melicon.de\/?page_id=22","title":{"rendered":"\u00dcber uns"},"content":{"rendered":"\n<div class=\"wp-block-cover alignfull has-parallax\"><span aria-hidden=\"true\" class=\"wp-block-cover__background has-contrast-background-color has-background-dim\"><\/span><div role=\"img\" class=\"wp-block-cover__image-background wp-image-103 has-parallax\" style=\"background-position:50% 50%;background-image:url(http:\/\/melicon.local\/wp-content\/uploads\/2026\/02\/banner-2-1024x576.jpg)\"><\/div><div class=\"wp-block-cover__inner-container has-global-padding is-layout-constrained wp-block-cover-is-layout-constrained\">\n<h1 class=\"wp-block-heading has-text-align-center\"><strong>Know-How und modernste Technik mit MeliCon<\/strong><\/h1>\n<\/div><\/div>\n\n\n\n<div class=\"wp-block-cover alignfull is-light\"><span aria-hidden=\"true\" class=\"wp-block-cover__background has-accent-2-background-color has-background-dim-100 has-background-dim\"><\/span><div class=\"wp-block-cover__inner-container has-global-padding is-layout-constrained wp-block-cover-is-layout-constrained\">\n<h2 class=\"wp-block-heading\"><strong>Unsere Geschichte<\/strong><\/h2>\n\n\n\n<p>Bei Gr\u00fcndung der Firma MeliCon GmbH im Jahr 2001 lag der Schwerpunkt ausschlie\u00dflich auf&nbsp;der Entwicklung und Fertigung von Leichtbaukomponenten.<\/p>\n\n\n\n<p>In den Folgejahren jedoch konnten mit der Entwicklung der innovativen Produktlinien MeliFil&nbsp;Metallfaservliese f\u00fcr die Hei\u00dfgasfiltrationen und MeliPlate Gewebelaminat f\u00fcr die Fest\/Fl\u00fcssig-Trennung zwei wichtige neue Absatzm\u00e4rkte erschlossen werden.<\/p>\n\n\n\n<p>Ab 2016 haben wir mit der Standardisierung der Produktlinien f\u00fcr die Hei\u00dfgasfiltration begonnen.<\/p>\n\n\n\n<p>Basierend auf dem MeliPlate Gewebelaminat entwickelten wir gemeinsam mit unserem Kooperationspartner PFW Aerospace GmbH die Produktlinie SilentMetal. Ein metallisches Gewebelaminat f\u00fcr die Schallabsorption, welches 2006 in Frankfurt als innovativstes Produkt mit dem 1. Preis des Airtec Awards ausgezeichnet wurde.<\/p>\n\n\n\n<p>Die logische Weiterentwicklung bestand darin, dem ausschlie\u00dflich der Schallabsorption dienenden Produkt auch noch mechanische Festigkeit zu verleihen, wodurch es als eigenst\u00e4ndiges Strukturbauteil eingesetzt werden kann. Die Produktlinie SilentStructure war geboren \u2013 und wurde anl\u00e4sslich der ILA 2008 in Berlin auf dem \u201ePath of Innovation\u201c vorgestellt.<\/p>\n\n\n\n<p>Heute geh\u00f6ren namhafte Unternehmen aus dem Bereich des Anlagen- und Maschinenbaus zu unserem festen Kundenstamm.<\/p>\n\n\n\n<p>Zu unserer Unternehmensphilosophie geh\u00f6rt, die vertrauensvolle Zusammenarbeit und der pers\u00f6nliche Kontakt zu Ihnen. Sie zu beraten, Ihnen mit bestem Know-how und modernster Technik zur Seite zu stehen, um Ihnen stets eine optimale technische und kommerzielle L\u00f6sung zu bieten. Daran arbeiten wir mit ganzem Engagement.<\/p>\n\n\n\n<p>Sprechen Sie uns an! Gemeinsam optimieren wir den Wert und das Alleinstellungsmerkmal Ihres Produktes.<\/p>\n\n\n\n<div style=\"height:25px\" aria-hidden=\"true\" class=\"wp-block-spacer\"><\/div>\n\n\n\n<h2 class=\"wp-block-heading\"><strong>Gesch\u00e4ftsf\u00fchrer<\/strong><\/h2>\n\n\n\n<p>Dr.-Ing. Ulrich M\u00fcller<\/p>\n<\/div><\/div>\n","protected":false},"excerpt":{"rendered":"","protected":false},"author":1,"featured_media":0,"parent":0,"menu_order":0,"comment_status":"closed","ping_status":"closed","template":"page-no-title","meta":{"footnotes":""},"_links":{"self":[{"href":"https:\/\/www.melicon.de\/index.php?rest_route=\/wp\/v2\/pages\/22"}],"collection":[{"href":"https:\/\/www.melicon.de\/index.php?rest_route=\/wp\/v2\/pages"}],"about":[{"href":"https:\/\/www.melicon.de\/index.php?rest_route=\/wp\/v2\/types\/page"}],"author":[{"embeddable":true,"href":"https:\/\/www.melicon.de\/index.php?rest_route=\/wp\/v2\/users\/1"}],"replies":[{"embeddable":true,"href":"https:\/\/www.melicon.de\/index.php?rest_route=%2Fwp%2Fv2%2Fcomments&post=22"}],"version-history":[{"count":1,"href":"https:\/\/www.melicon.de\/index.php?rest_route=\/wp\/v2\/pages\/22\/revisions"}],"predecessor-version":[{"id":236,"href":"https:\/\/www.melicon.de\/index.php?rest_route=\/wp\/v2\/pages\/22\/revisions\/236"}],"wp:attachment":[{"href":"https:\/\/www.melicon.de\/index.php?rest_route=%2Fwp%2Fv2%2Fmedia&parent=22"}],"curies":[{"name":"wp","href":"https:\/\/api.w.org\/{rel}","templated":true}]}}