{"id":18,"date":"2026-01-30T14:38:27","date_gmt":"2026-01-30T14:38:27","guid":{"rendered":"http:\/\/melicon.local\/?page_id=18"},"modified":"2026-05-06T10:14:36","modified_gmt":"2026-05-06T10:14:36","slug":"gasdiffusionsanlagen","status":"publish","type":"page","link":"https:\/\/www.melicon.de\/?page_id=18","title":{"rendered":"Gasdiffusionsanlagen"},"content":{"rendered":"\n<div class=\"wp-block-cover alignfull is-light\"><span aria-hidden=\"true\" class=\"wp-block-cover__background has-contrast-2-background-color has-background-dim-100 has-background-dim\"><\/span><div class=\"wp-block-cover__inner-container has-global-padding is-layout-constrained wp-block-cover-is-layout-constrained\">\n<p class=\"has-text-align-left has-large-font-size\">MELIDIFF\u00ae ist ein speziell f\u00fcr den Einsatz in PEM Elektrolyseanlagen entwickeltes metallisches Streckmetalllaminat.<\/p>\n\n\n\n<p>Die rein metallischen MELIDIFF\u00ae Gasdiffusionslagen bilden zusammen mit der protonenleitenden Membran (PEM) das Kernst\u00fcck der PEM Wasserelektrolyse. Die MELIDIFF\u00ae leitet den Strom und das Wasser an die Membran und f\u00fchrt die sich bildenden Gase H2 und O2 gleichzeitig ab.<\/p>\n\n\n\n<p class=\"has-text-align-left has-large-font-size\">Die Verbindung der unterschiedlichen Streckmetalle wird durch einen speziell hierf\u00fcr entwickelten Schwei\u00dfprozess durchgef\u00fchrt und verschwei\u00dft die unterschiedlichen Streckmetalllagen an allen Ber\u00fchrungspunkten, wodurch sich eine vollfl\u00e4chige Schwei\u00dfverbindung ergibt.<\/p>\n\n\n\n<h2 class=\"wp-block-heading\"><strong>Die MELIDIFF\u00ae Gasdiffusionslagen sind gekennzeichnet durch:<\/strong><\/h2>\n\n\n\n<p>Das von MeliCon entwickelte einzigartige Schwei\u00dfverfahren er\u00f6ffnet dar\u00fcber hinaus die M\u00f6glichkeit, die Anzahl der Streckmetalllagen und deren Maschengr\u00f6\u00dfe sehr flexibel den technischen Erfordernissen anzupassen.<\/p>\n\n\n\n<p>So ergeben sich f\u00fcr den Kunden GDL Komponenten die mittels Laserschneiden den geometrischen Verh\u00e4ltnissen sehr pr\u00e4zise angepasst werden k\u00f6nnen, bis hin zu Abmessungen von 500 x 1500 mm.<\/p>\n\n\n\n<ul class=\"wp-block-list\">\n<li>Eine hohe Festigkeit und geringste Dickentoleranz und gew\u00e4hrleistet damit eine gleichm\u00e4\u00dfige Fl\u00e4chenpressung und Stromverteilung<\/li>\n\n\n\n<li>Eine gro\u00dfe offene Fl\u00e4che bei gleichzeitig kleinsten Maschen\u00f6ffnungen gew\u00e4hrleisten eine optimale Wasserzufuhr in Verbindung mit einem hohen Wasserdurchsatz f\u00fcr eine optimale W\u00e4rmeabfuhr und Gastransport<\/li>\n\n\n\n<li>Eine korrosionsbest\u00e4ndige Materialauswahl, in Titan f\u00fcr die Sauerstoffseite und in Edelstahl f\u00fcr die Wasserstoffseite<\/li>\n\n\n\n<li>Kleinste Maschen\u00f6ffnungen auf der Membranseite f\u00fcr beste St\u00fctzwirkung der Membran und gro\u00dfe Maschen auf der Bipolarseite f\u00fcr hohen Wasserdurchsatz zum W\u00e4rmetransport<\/li>\n<\/ul>\n\n\n\n<figure class=\"wp-block-image aligncenter size-full\"><img decoding=\"async\" src=\"https:\/\/melicon.local\/wp-content\/uploads\/2026\/02\/MeliCon-GmbH-Dr.-Ing.webp\" alt=\"\" class=\"wp-image-156\"\/><\/figure>\n<\/div><\/div>\n","protected":false},"excerpt":{"rendered":"","protected":false},"author":1,"featured_media":0,"parent":0,"menu_order":0,"comment_status":"closed","ping_status":"closed","template":"","meta":{"footnotes":""},"_links":{"self":[{"href":"https:\/\/www.melicon.de\/index.php?rest_route=\/wp\/v2\/pages\/18"}],"collection":[{"href":"https:\/\/www.melicon.de\/index.php?rest_route=\/wp\/v2\/pages"}],"about":[{"href":"https:\/\/www.melicon.de\/index.php?rest_route=\/wp\/v2\/types\/page"}],"author":[{"embeddable":true,"href":"https:\/\/www.melicon.de\/index.php?rest_route=\/wp\/v2\/users\/1"}],"replies":[{"embeddable":true,"href":"https:\/\/www.melicon.de\/index.php?rest_route=%2Fwp%2Fv2%2Fcomments&post=18"}],"version-history":[{"count":3,"href":"https:\/\/www.melicon.de\/index.php?rest_route=\/wp\/v2\/pages\/18\/revisions"}],"predecessor-version":[{"id":234,"href":"https:\/\/www.melicon.de\/index.php?rest_route=\/wp\/v2\/pages\/18\/revisions\/234"}],"wp:attachment":[{"href":"https:\/\/www.melicon.de\/index.php?rest_route=%2Fwp%2Fv2%2Fmedia&parent=18"}],"curies":[{"name":"wp","href":"https:\/\/api.w.org\/{rel}","templated":true}]}}