{"id":14,"date":"2026-01-30T14:37:32","date_gmt":"2026-01-30T14:37:32","guid":{"rendered":"http:\/\/melicon.local\/?page_id=14"},"modified":"2026-05-06T12:10:40","modified_gmt":"2026-05-06T12:10:40","slug":"filtertechnik","status":"publish","type":"page","link":"https:\/\/www.melicon.de\/filtertechnik\/","title":{"rendered":"Filtertechnik"},"content":{"rendered":"\n<div class=\"wp-block-cover alignfull is-light\"><span aria-hidden=\"true\" class=\"wp-block-cover__background has-contrast-2-background-color has-background-dim-100 has-background-dim\"><\/span><div class=\"wp-block-cover__inner-container has-global-padding is-layout-constrained wp-block-cover-is-layout-constrained\">\n<h2 class=\"wp-block-heading has-text-align-left has-large-font-size\"><strong>MeliFil \u2013 Ein neues Filtermaterial f\u00fcr die Hei\u00dfgasfiltration<\/strong><\/h2>\n\n\n\n<p>Bei der Staubabscheidung haben sich Gewebe- bzw. Schlauchfilter seit Jahren bew\u00e4hrt und werden standardm\u00e4\u00dfig in vielen Industrieanlagen eingesetzt. Sie sto\u00dfen aber an Grenzen, wenn hei\u00dfe Gase, gegebenenfalls mit brennbaren bzw. entz\u00fcndlichen Partikeln beladen, gefiltert werden m\u00fcssen. Filter aus PTFE erreichen eine maximale Dauereinsatztemperatur von 260\u00b0C und k\u00f6nnen von den Partikeln durch Einbrennen kleiner L\u00f6cher leicht besch\u00e4digt werden. Diese Besch\u00e4digungen sind teilweise so klein, dass sie vom Betreiber der Anlage nicht zeitnah bemerkt werden, wodurch es zu einer \u201eschleichenden\u201c \u00dcberschreitung der Emissionsgrenzwerte und in Folge dessen zu einer Abschaltung der Gesamtanlage kommen kann.<\/p>\n\n\n\n<p>Eine L\u00f6sung f\u00fcr diese Probleme bieten die neuen Hei\u00dfgasfilter MeliPlate\/MeliFil Filtermaterialien, die bis zu einer Dauereinsatztemperatur von 800\u00b0C eingesetzt werden k\u00f6nnen und unempfindlich gegen brennbare Partikel sind, da sie aus reinen Metallfasern bestehen.<\/p>\n\n\n\n<p class=\"has-text-align-left has-large-font-size\">Neben den oben genannten Vorteilen haben diese Filter das Potential, das mit ihnen Gase dauerhaft bei h\u00f6heren Temperaturen gefiltert werden k\u00f6nnen. Dadurch kann die W\u00e4rmeenergie des Gases nach der Staubfilterung weiter genutzt werden, statt sie vor der Filterung unter Einsatz von Energie herabzusetzen. Die dazu n\u00f6tigen Anlagen k\u00f6nnen entfallen bzw. deutlich kleiner dimensioniert und die CO\u2082 Emission verringert werden.<\/p>\n<\/div><\/div>\n\n\n\n<h2 class=\"wp-block-heading has-text-align-center\">MeliPlate \u2013 metallische Gewebelaminate zur Hei\u00dfgasfiltration und Fest\/Fl\u00fcssig-Trennung<\/h2>\n\n\n\n<div class=\"wp-block-columns alignwide is-layout-flex wp-container-core-columns-layout-1 wp-block-columns-is-layout-flex\">\n<div class=\"wp-block-column is-layout-flow wp-block-column-is-layout-flow\">\n<p>Mit Hilfe einer hochentwickelten thermischen F\u00fcgetechnik ist es m\u00f6glich, unterschiedlichste Filtergewebe dauerhaft miteinander zu verbinden.&nbsp;Dieser Prozess wird unter Schutzgas oder Vakuum durchgef\u00fchrt und gew\u00e4hrleistet eine gleichbleibende hohe Qualit\u00e4t.<\/p>\n<\/div>\n\n\n\n<div class=\"wp-block-column is-layout-flow wp-block-column-is-layout-flow\">\n<p>Zur Zeit wird MeliPlate in der Fest-\/Fl\u00fcssig-Trennung, der Fluidisierung von Schuttg\u00fctern und als Hei\u00dfgasfilter eingesetzt. MeliPlate hat das Potential, gesinterte Gewebelaminate in all ihren Einsatzbereichen zu ersetzten.<\/p>\n<\/div>\n<\/div>\n\n\n\n<div class=\"wp-block-cover alignfull is-light\"><span aria-hidden=\"true\" class=\"wp-block-cover__background has-accent-2-background-color has-background-dim-100 has-background-dim\"><\/span><div class=\"wp-block-cover__inner-container has-global-padding is-layout-constrained wp-block-cover-is-layout-constrained\">\n<h3 class=\"wp-block-heading has-text-align-center\"><strong>Standardabmessungen Hei\u00dfgasfilter<\/strong><\/h3>\n\n\n\n<div style=\"height:25px\" aria-hidden=\"true\" class=\"wp-block-spacer\"><\/div>\n\n\n\n<figure class=\"wp-block-table alignwide is-style-stripes\"><table class=\"has-border-color has-accent-6-border-color\" style=\"border-style:solid;border-width:1px\"><thead><tr><th class=\"has-text-align-left\" data-align=\"left\"><\/th><th>Typ LT<\/th><th>Typ HT<\/th><\/tr><\/thead><tbody><tr><td class=\"has-text-align-left\" data-align=\"left\">maximale Einsatztemperatur<\/td><td>450\u00b0<\/td><td>900\u00b0<\/td><\/tr><tr><td class=\"has-text-align-left\" data-align=\"left\">\u00d8 Durchmesser in mm<\/td><td>100\/125\/150<\/td><td>100\/125\/150<\/td><\/tr><tr><td class=\"has-text-align-left\" data-align=\"left\">L\u00e4nge<\/td><td>frei w\u00e4hlbar<\/td><td>frei w\u00e4hlbar<\/td><\/tr><tr><td class=\"has-text-align-left\" data-align=\"left\">Flansch<\/td><td>Ringflansch mit 4,6,8 L\u00e4chern<\/td><td>Ringflansch mit 4, 6, 8 L\u00f6chern, andere auf Anfrage<\/td><\/tr><tr><td class=\"has-text-align-left\" data-align=\"left\">Abschluss<\/td><td>Flachboden<\/td><td>Flachboden<\/td><\/tr><tr><td class=\"has-text-align-left\" data-align=\"left\">Filterfeinheit<\/td><td>10\/15\/20\/30 \u00b5m<\/td><td>10 \u00b5m<\/td><\/tr><tr><td class=\"has-text-align-left\" data-align=\"left\">Druckverlust @1\/2\/3 m\/min<\/td><td>10 \u00b5m 16\/30\/70 Pa<\/td><td>20\/35\/55 Pa<\/td><\/tr><tr><td class=\"has-text-align-left\" data-align=\"left\">St\u00fctzkorb<\/td><td>frei w\u00e4hlbar<\/td><td>frei w\u00e4hlbar<\/td><\/tr><tr><td class=\"has-text-align-left\" data-align=\"left\">Gesamtatmosph\u00e4re<\/td><td>reduzierend, oxidierend<\/td><td>trocken, kohlenstoffhaltig, SO<sub>2<\/sub> haltig<\/td><\/tr><\/tbody><\/table><\/figure>\n\n\n\n<div class=\"wp-block-columns alignwide is-layout-flex wp-container-core-columns-layout-2 wp-block-columns-is-layout-flex\">\n<div class=\"wp-block-column is-layout-flow wp-block-column-is-layout-flow\" style=\"flex-basis:85%\">\n<figure class=\"wp-block-gallery has-nested-images columns-default is-cropped wp-block-gallery-1 is-layout-flex wp-block-gallery-is-layout-flex\">\n<figure class=\"wp-block-image size-large\"><img loading=\"lazy\" decoding=\"async\" width=\"621\" height=\"465\" src=\"https:\/\/www.melicon.de\/wp-content\/uploads\/2026\/05\/Melicon-GmbH-SilentMetal-Pulsationsdmpfer-Schallabsorbtion-Hckelshoven-Filter-9.png\" alt=\"\" class=\"wp-image-177\" srcset=\"https:\/\/www.melicon.de\/wp-content\/uploads\/2026\/05\/Melicon-GmbH-SilentMetal-Pulsationsdmpfer-Schallabsorbtion-Hckelshoven-Filter-9.png 621w, https:\/\/www.melicon.de\/wp-content\/uploads\/2026\/05\/Melicon-GmbH-SilentMetal-Pulsationsdmpfer-Schallabsorbtion-Hckelshoven-Filter-9-300x225.png 300w\" sizes=\"(max-width: 621px) 100vw, 621px\" \/><\/figure>\n\n\n\n<figure class=\"wp-block-image size-large\"><img loading=\"lazy\" decoding=\"async\" width=\"621\" height=\"465\" src=\"https:\/\/www.melicon.de\/wp-content\/uploads\/2026\/05\/Melicon-GmbH-SilentMetal-Pulsationsdmpfer-Schallabsorbtion-Hckelshoven-Filter-15.png\" alt=\"\" class=\"wp-image-182\" srcset=\"https:\/\/www.melicon.de\/wp-content\/uploads\/2026\/05\/Melicon-GmbH-SilentMetal-Pulsationsdmpfer-Schallabsorbtion-Hckelshoven-Filter-15.png 621w, https:\/\/www.melicon.de\/wp-content\/uploads\/2026\/05\/Melicon-GmbH-SilentMetal-Pulsationsdmpfer-Schallabsorbtion-Hckelshoven-Filter-15-300x225.png 300w\" sizes=\"(max-width: 621px) 100vw, 621px\" \/><\/figure>\n\n\n\n<figure class=\"wp-block-image size-large\"><img loading=\"lazy\" decoding=\"async\" width=\"621\" height=\"465\" src=\"https:\/\/www.melicon.de\/wp-content\/uploads\/2026\/05\/Melicon-GmbH-SilentMetal-Pulsationsdmpfer-Schallabsorbtion-Hckelshoven-Filter-11.png\" alt=\"\" class=\"wp-image-178\" srcset=\"https:\/\/www.melicon.de\/wp-content\/uploads\/2026\/05\/Melicon-GmbH-SilentMetal-Pulsationsdmpfer-Schallabsorbtion-Hckelshoven-Filter-11.png 621w, https:\/\/www.melicon.de\/wp-content\/uploads\/2026\/05\/Melicon-GmbH-SilentMetal-Pulsationsdmpfer-Schallabsorbtion-Hckelshoven-Filter-11-300x225.png 300w\" sizes=\"(max-width: 621px) 100vw, 621px\" \/><\/figure>\n\n\n\n<figure class=\"wp-block-image size-large\"><img loading=\"lazy\" decoding=\"async\" width=\"621\" height=\"465\" src=\"https:\/\/www.melicon.de\/wp-content\/uploads\/2026\/05\/Melicon-GmbH-SilentMetal-Pulsationsdmpfer-Schallabsorbtion-Hckelshoven-Filter-12.png\" alt=\"\" class=\"wp-image-179\" srcset=\"https:\/\/www.melicon.de\/wp-content\/uploads\/2026\/05\/Melicon-GmbH-SilentMetal-Pulsationsdmpfer-Schallabsorbtion-Hckelshoven-Filter-12.png 621w, https:\/\/www.melicon.de\/wp-content\/uploads\/2026\/05\/Melicon-GmbH-SilentMetal-Pulsationsdmpfer-Schallabsorbtion-Hckelshoven-Filter-12-300x225.png 300w\" sizes=\"(max-width: 621px) 100vw, 621px\" \/><\/figure>\n\n\n\n<figure class=\"wp-block-image size-large\"><img loading=\"lazy\" decoding=\"async\" width=\"621\" height=\"465\" src=\"https:\/\/www.melicon.de\/wp-content\/uploads\/2026\/05\/Melicon-GmbH-SilentMetal-Pulsationsdmpfer-Schallabsorbtion-Hckelshoven-Filter-13.png\" alt=\"\" class=\"wp-image-180\" srcset=\"https:\/\/www.melicon.de\/wp-content\/uploads\/2026\/05\/Melicon-GmbH-SilentMetal-Pulsationsdmpfer-Schallabsorbtion-Hckelshoven-Filter-13.png 621w, https:\/\/www.melicon.de\/wp-content\/uploads\/2026\/05\/Melicon-GmbH-SilentMetal-Pulsationsdmpfer-Schallabsorbtion-Hckelshoven-Filter-13-300x225.png 300w\" sizes=\"(max-width: 621px) 100vw, 621px\" \/><\/figure>\n\n\n\n<figure class=\"wp-block-image size-large\"><img loading=\"lazy\" decoding=\"async\" width=\"621\" height=\"465\" src=\"https:\/\/www.melicon.de\/wp-content\/uploads\/2026\/05\/Melicon-GmbH-SilentMetal-Pulsationsdmpfer-Schallabsorbtion-Hckelshoven-Filter-14.png\" alt=\"\" class=\"wp-image-181\" srcset=\"https:\/\/www.melicon.de\/wp-content\/uploads\/2026\/05\/Melicon-GmbH-SilentMetal-Pulsationsdmpfer-Schallabsorbtion-Hckelshoven-Filter-14.png 621w, https:\/\/www.melicon.de\/wp-content\/uploads\/2026\/05\/Melicon-GmbH-SilentMetal-Pulsationsdmpfer-Schallabsorbtion-Hckelshoven-Filter-14-300x225.png 300w\" sizes=\"(max-width: 621px) 100vw, 621px\" \/><\/figure>\n<\/figure>\n<\/div>\n\n\n\n<div class=\"wp-block-column is-layout-flow wp-block-column-is-layout-flow\" style=\"flex-basis:15%\">\n<figure class=\"wp-block-image size-full\"><img decoding=\"async\" src=\"http:\/\/melicon.local\/wp-content\/uploads\/2026\/02\/Filterbild_Zeichnung-1.webp\" alt=\"\" class=\"wp-image-151\"\/><\/figure>\n<\/div>\n<\/div>\n<\/div><\/div>\n","protected":false},"excerpt":{"rendered":"<p>MeliPlate \u2013 metallische Gewebelaminate zur Hei\u00dfgasfiltration und Fest\/Fl\u00fcssig-Trennung Mit Hilfe einer hochentwickelten thermischen F\u00fcgetechnik ist es m\u00f6glich, unterschiedlichste Filtergewebe dauerhaft miteinander zu verbinden.&nbsp;Dieser Prozess wird unter Schutzgas oder Vakuum durchgef\u00fchrt und gew\u00e4hrleistet eine gleichbleibende hohe Qualit\u00e4t. Zur Zeit wird MeliPlate in der Fest-\/Fl\u00fcssig-Trennung, der Fluidisierung von Schuttg\u00fctern und als Hei\u00dfgasfilter eingesetzt. MeliPlate hat das Potential, [&hellip;]<\/p>\n","protected":false},"author":1,"featured_media":0,"parent":0,"menu_order":0,"comment_status":"closed","ping_status":"closed","template":"","meta":{"footnotes":""},"_links":{"self":[{"href":"https:\/\/www.melicon.de\/wp-json\/wp\/v2\/pages\/14"}],"collection":[{"href":"https:\/\/www.melicon.de\/wp-json\/wp\/v2\/pages"}],"about":[{"href":"https:\/\/www.melicon.de\/wp-json\/wp\/v2\/types\/page"}],"author":[{"embeddable":true,"href":"https:\/\/www.melicon.de\/wp-json\/wp\/v2\/users\/1"}],"replies":[{"embeddable":true,"href":"https:\/\/www.melicon.de\/wp-json\/wp\/v2\/comments?post=14"}],"version-history":[{"count":2,"href":"https:\/\/www.melicon.de\/wp-json\/wp\/v2\/pages\/14\/revisions"}],"predecessor-version":[{"id":242,"href":"https:\/\/www.melicon.de\/wp-json\/wp\/v2\/pages\/14\/revisions\/242"}],"wp:attachment":[{"href":"https:\/\/www.melicon.de\/wp-json\/wp\/v2\/media?parent=14"}],"curies":[{"name":"wp","href":"https:\/\/api.w.org\/{rel}","templated":true}]}}