{"id":11,"date":"2026-01-30T14:37:43","date_gmt":"2026-01-30T14:37:43","guid":{"rendered":"http:\/\/melicon.local\/?page_id=9"},"modified":"2026-01-30T14:37:43","modified_gmt":"2026-01-30T14:37:43","slug":"datenschutz-2","status":"publish","type":"page","link":"https:\/\/www.melicon.de\/datenschutz-2\/","title":{"rendered":"Impressum"},"content":{"rendered":"\n<h2 class=\"wp-block-heading\">Verantwortlich f\u00fcr den Inhalt<\/h2>\n\n\n\n<p><strong>Melicon GmbH<\/strong><br>Gewerbestra\u00dfe S\u00fcd 45<br>41812 Erkelenz<\/p>\n\n\n\n<h2 class=\"wp-block-heading\">Vertreten durch<\/h2>\n\n\n\n<p><strong>Gesch\u00e4ftsf\u00fchrer:<\/strong> Dr.-Ing. Ulrich M\u00fcller<br><strong>Handelsregister:<\/strong> M\u00f6nchengladbach HRB 9099<br><strong>Umsatzsteuer-ID:<\/strong> DE 813146711<\/p>\n\n\n\n<h2 class=\"wp-block-heading\">Zu erreichen unter<\/h2>\n\n\n\n<p><strong>Telefon:<\/strong> 02433 44674-0<br><strong>Email:<\/strong> <a href=\"mailto:info@melicon.de\">info@melicon.de<\/a><\/p>\n","protected":false},"excerpt":{"rendered":"<p>Verantwortlich f\u00fcr den Inhalt Melicon GmbHGewerbestra\u00dfe S\u00fcd 4541812 Erkelenz Vertreten durch Gesch\u00e4ftsf\u00fchrer: Dr.-Ing. Ulrich M\u00fcllerHandelsregister: M\u00f6nchengladbach HRB 9099Umsatzsteuer-ID: DE 813146711 Zu erreichen unter Telefon: 02433 44674-0Email: info@melicon.de<\/p>\n","protected":false},"author":1,"featured_media":0,"parent":0,"menu_order":0,"comment_status":"closed","ping_status":"closed","template":"","meta":{"footnotes":""},"_links":{"self":[{"href":"https:\/\/www.melicon.de\/wp-json\/wp\/v2\/pages\/11"}],"collection":[{"href":"https:\/\/www.melicon.de\/wp-json\/wp\/v2\/pages"}],"about":[{"href":"https:\/\/www.melicon.de\/wp-json\/wp\/v2\/types\/page"}],"author":[{"embeddable":true,"href":"https:\/\/www.melicon.de\/wp-json\/wp\/v2\/users\/1"}],"replies":[{"embeddable":true,"href":"https:\/\/www.melicon.de\/wp-json\/wp\/v2\/comments?post=11"}],"version-history":[{"count":0,"href":"https:\/\/www.melicon.de\/wp-json\/wp\/v2\/pages\/11\/revisions"}],"wp:attachment":[{"href":"https:\/\/www.melicon.de\/wp-json\/wp\/v2\/media?parent=11"}],"curies":[{"name":"wp","href":"https:\/\/api.w.org\/{rel}","templated":true}]}}